{"id":41771,"date":"2023-06-12T07:13:46","date_gmt":"2023-06-12T05:13:46","guid":{"rendered":"http:\/\/s858352988.online.de\/kontakt\/"},"modified":"2025-01-08T16:24:13","modified_gmt":"2025-01-08T15:24:13","slug":"contact-2","status":"publish","type":"page","link":"https:\/\/dk-group.hk\/de\/contact-2\/","title":{"rendered":"Kontakt"},"content":{"rendered":"<p>[et_pb_section fb_built=&#8220;1&#8243; fullwidth=&#8220;on&#8220; _builder_version=&#8220;4.21.0&#8243; _module_preset=&#8220;default&#8220; custom_margin=&#8220;2px||||false|false&#8220; global_colors_info=&#8220;{}&#8220;][et_pb_fullwidth_image src=&#8220;https:\/\/dk-group.hk\/wp-content\/uploads\/2023\/06\/dkgroup_header_contact-scaled.jpg&#8220; title_text=&#8220;dkgroup_header_contact&#8220; _builder_version=&#8220;4.21.0&#8243; _module_preset=&#8220;default&#8220; module_alignment=&#8220;center&#8220; global_colors_info=&#8220;{}&#8220;][\/et_pb_fullwidth_image][\/et_pb_section][et_pb_section fb_built=&#8220;1&#8243; custom_padding_last_edited=&#8220;on|phone&#8220; admin_label=&#8220;Header&#8220; _builder_version=&#8220;4.21.0&#8243; _module_preset=&#8220;default&#8220; background_color=&#8220;#ffffff&#8220; width=&#8220;100%&#8220; max_width=&#8220;100%&#8220; custom_margin=&#8220;2px||||false|false&#8220; custom_padding=&#8220;40px|40px|40px|40px|true|true&#8220; custom_padding_tablet=&#8220;&#8220; custom_padding_phone=&#8220;20px|20px|20px|20px|true|true&#8220; collapsed=&#8220;off&#8220; global_colors_info=&#8220;{}&#8220;][et_pb_row column_structure=&#8220;3_5,1_5,1_5&#8243; _builder_version=&#8220;4.16&#8243; _module_preset=&#8220;default&#8220; width=&#8220;100%&#8220; max_width=&#8220;100%&#8220; module_alignment=&#8220;center&#8220; custom_margin=&#8220;0px|0px|40px|0px|false|false&#8220; custom_padding=&#8220;0px|0px|0px|0px|false|false&#8220; global_colors_info=&#8220;{}&#8220;][et_pb_column type=&#8220;3_5&#8243; _builder_version=&#8220;4.16&#8243; _module_preset=&#8220;default&#8220; global_colors_info=&#8220;{}&#8220;][et_pb_text _builder_version=&#8220;4.27.4&#8243; _module_preset=&#8220;default&#8220; global_colors_info=&#8220;{}&#8220;]<\/p>\n<div class=\"wpforms-container wpforms-container-full wpforms-render-modern\" id=\"wpforms-42271\"><form id=\"wpforms-form-42271\" class=\"wpforms-validate wpforms-form\" data-formid=\"42271\" method=\"post\" enctype=\"multipart\/form-data\" action=\"\/de\/wp-json\/wp\/v2\/pages\/41771\" data-token=\"c9ded4d01f4b589f0cb68715087797ab\" data-token-time=\"1775646718\"><noscript class=\"wpforms-error-noscript\">Bitte aktiviere JavaScript in deinem Browser, um dieses Formular fertigzustellen.<\/noscript><div class=\"wpforms-hidden\" id=\"wpforms-error-noscript\">Bitte aktiviere JavaScript in deinem Browser, um dieses Formular fertigzustellen.<\/div><div class=\"wpforms-field-container\"><div id=\"wpforms-42271-field_12-container\" class=\"wpforms-field wpforms-field-select wpforms-field-select-style-classic\" data-field-id=\"12\"><label class=\"wpforms-field-label\" for=\"wpforms-42271-field_12\">Ich habe eine <span class=\"wpforms-required-label\" aria-hidden=\"true\">*<\/span><\/label><select id=\"wpforms-42271-field_12\" class=\"wpforms-field-small wpforms-field-required\" name=\"wpforms[fields][12]\" required=\"required\"><option value=\"\" class=\"placeholder\" disabled  selected='selected'>Bitte treffen Sie eine Auswahl<\/option><option value=\"Private Anfrage\" >Private Anfrage<\/option><option value=\"Gesch\u00e4ftliche Anfrage\" >Gesch\u00e4ftliche Anfrage<\/option><\/select><\/div><div id=\"wpforms-42271-field_5-container\" class=\"wpforms-field wpforms-field-text\" data-field-id=\"5\"><label class=\"wpforms-field-label\" for=\"wpforms-42271-field_5\">Name des Unternehmens<\/label><input type=\"text\" id=\"wpforms-42271-field_5\" class=\"wpforms-field-large\" name=\"wpforms[fields][5]\" aria-errormessage=\"wpforms-42271-field_5-error\" ><\/div><div id=\"wpforms-42271-field_1-container\" class=\"wpforms-field wpforms-field-name\" data-field-id=\"1\"><fieldset><legend class=\"wpforms-field-label\">Name <span class=\"wpforms-required-label\" aria-hidden=\"true\">*<\/span><\/legend><div class=\"wpforms-field-row wpforms-field-large\"><div class=\"wpforms-field-row-block wpforms-first wpforms-one-half\"><input type=\"text\" id=\"wpforms-42271-field_1\" class=\"wpforms-field-name-first wpforms-field-required\" name=\"wpforms[fields][1][first]\" placeholder=\"Vorname\" aria-errormessage=\"wpforms-42271-field_1-error\" required><label for=\"wpforms-42271-field_1\" class=\"wpforms-field-sublabel after wpforms-sublabel-hide\">Vorname<\/label><\/div><div class=\"wpforms-field-row-block wpforms-one-half\"><input type=\"text\" id=\"wpforms-42271-field_1-last\" class=\"wpforms-field-name-last wpforms-field-required\" name=\"wpforms[fields][1][last]\" placeholder=\"Nachname\" aria-errormessage=\"wpforms-42271-field_1-last-error\" required><label for=\"wpforms-42271-field_1-last\" class=\"wpforms-field-sublabel after wpforms-sublabel-hide\">Nachname<\/label><\/div><\/div><\/fieldset><\/div><div id=\"wpforms-42271-field_6-container\" class=\"wpforms-field wpforms-field-email\" data-field-id=\"6\"><fieldset><legend class=\"wpforms-field-label\">E-Mail <span class=\"wpforms-required-label\" aria-hidden=\"true\">*<\/span><\/legend><div class=\"wpforms-field-row wpforms-field-large\"><div class=\"wpforms-field-row-block wpforms-one-half wpforms-first\"><input type=\"email\" id=\"wpforms-42271-field_6\" class=\"wpforms-field-required wpforms-field-email-primary\" name=\"wpforms[fields][6][primary]\" placeholder=\"E-mail\" spellcheck=\"false\" aria-errormessage=\"wpforms-42271-field_6-error\" required><label for=\"wpforms-42271-field_6\" class=\"wpforms-field-sublabel after wpforms-sublabel-hide\">E-Mail-Adresse<\/label><\/div><div class=\"wpforms-field-row-block wpforms-one-half\"><input type=\"email\" id=\"wpforms-42271-field_6-secondary\" class=\"wpforms-field-email-secondary wpforms-field-required\" data-rule-confirm=\"#wpforms-42271-field_6\" name=\"wpforms[fields][6][secondary]\" placeholder=\"E-Mail best\u00e4tigen\" spellcheck=\"false\" aria-errormessage=\"wpforms-42271-field_6-secondary-error\" required><label for=\"wpforms-42271-field_6-secondary\" class=\"wpforms-field-sublabel after wpforms-sublabel-hide\">E-Mail best\u00e4tigen<\/label><\/div><\/div><\/fieldset><\/div><div id=\"wpforms-42271-field_7-container\" class=\"wpforms-field wpforms-field-phone\" data-field-id=\"7\"><label class=\"wpforms-field-label\" for=\"wpforms-42271-field_7\">Telefon <span class=\"wpforms-required-label\" aria-hidden=\"true\">*<\/span><\/label><input type=\"tel\" id=\"wpforms-42271-field_7\" class=\"wpforms-field-large wpforms-field-required wpforms-smart-phone-field\" data-rule-smart-phone-field=\"true\" name=\"wpforms[fields][7]\" aria-label=\"Telefon\" aria-errormessage=\"wpforms-42271-field_7-error\" required><\/div><div id=\"wpforms-42271-field_8-container\" class=\"wpforms-field wpforms-field-textarea\" data-field-id=\"8\"><label class=\"wpforms-field-label\" for=\"wpforms-42271-field_8\">Ihre Nachricht<\/label><textarea id=\"wpforms-42271-field_8\" class=\"wpforms-field-medium\" name=\"wpforms[fields][8]\" aria-errormessage=\"wpforms-42271-field_8-error\" ><\/textarea><\/div><div id=\"wpforms-42271-field_11-container\" class=\"wpforms-field wpforms-field-gdpr-checkbox\" data-field-id=\"11\"><label class=\"wpforms-field-label\">DSGVO Zustimmung <span class=\"wpforms-required-label\" aria-hidden=\"true\">*<\/span><\/label><ul id=\"wpforms-42271-field_11\" class=\"wpforms-field-required\"><li class=\"choice-1\"><input type=\"checkbox\" id=\"wpforms-42271-field_11_1\" name=\"wpforms[fields][11][]\" value=\"Ich bin damit einverstanden, dass meine hier angegebenen Daten zum Zweck der Kontaktaufnahme gem\u00e4\u00df der Datenschutzerkl\u00e4rung gespeichert werden.\" aria-errormessage=\"wpforms-42271-field_11_1-error\" required ><label class=\"wpforms-field-label-inline\" for=\"wpforms-42271-field_11_1\">Ich bin damit einverstanden, dass meine hier angegebenen Daten zum Zweck der Kontaktaufnahme gem\u00e4\u00df der Datenschutzerkl\u00e4rung gespeichert werden.<\/label><\/li><\/ul><\/div><div id=\"wpforms-42271-field_10-container\" class=\"wpforms-field wpforms-field-html\" data-field-id=\"10\"><div id=\"wpforms-42271-field_10\" aria-errormessage=\"wpforms-42271-field_10-error\"><span>Wir gehen gewissenhaft mit Ihren Daten um - Alles zum Thema Datenschutz finden Sie <a href=\"https:\/\/dk-group.hk\/de\/datenschutzerklaerung\/\" style=\"font-weight: bold;\">hier<\/a><\/span><\/div><\/div><\/div><!-- .wpforms-field-container --><div class=\"wpforms-submit-container\" ><input type=\"hidden\" name=\"wpforms[id]\" value=\"42271\"><input type=\"hidden\" name=\"page_title\" value=\"\"><input type=\"hidden\" name=\"page_url\" value=\"https:\/\/dk-group.hk\/de\/wp-json\/wp\/v2\/pages\/41771\"><button type=\"submit\" name=\"wpforms[submit]\" id=\"wpforms-submit-42271\" class=\"wpforms-submit\" data-alt-text=\"Wird gesendet \u2026\" data-submit-text=\"Senden\" aria-live=\"assertive\" value=\"wpforms-submit\">Senden<\/button><\/div><\/form><\/div>  <!-- .wpforms-container -->\n<p>[\/et_pb_text][\/et_pb_column][et_pb_column type=&#8220;1_5&#8243; _builder_version=&#8220;4.16&#8243; _module_preset=&#8220;default&#8220; global_colors_info=&#8220;{}&#8220;][et_pb_text admin_label=&#8220;Group&#8220; _builder_version=&#8220;4.27.4&#8243; _module_preset=&#8220;default&#8220; text_font=&#8220;||||||||&#8220; text_text_color=&#8220;#345573&#8243; header_font_size=&#8220;48px&#8220; header_3_font=&#8220;DK Font Medium||||||||&#8220; header_3_text_align=&#8220;center&#8220; header_3_text_color=&#8220;#345573&#8243; header_3_line_height=&#8220;1.5em&#8220; header_4_font=&#8220;DK Font Medium||||||||&#8220; header_4_text_color=&#8220;#39D7FF&#8220; header_5_font=&#8220;||||||||&#8220; header_5_text_color=&#8220;#39D7FF&#8220; width=&#8220;100%&#8220; max_width=&#8220;100%&#8220; custom_margin=&#8220;0px|0px|20px|0px|false|false&#8220; custom_padding=&#8220;0px|0px|0px|0px|false|false&#8220; global_colors_info=&#8220;{}&#8220;]<\/p>\n<div class=\"layout__item\">\n<div class=\"dis-fl flexw-w spaced\">\n<div class=\"dis-fl col-12 col-9--large\">\n<div class=\"co-black bc-white pad-2 pad-4--medium size-4 size-7--medium\">\n<div class=\"prose field field--name-field-content field--type-text-long field--label-hidden field__item\">\n<h5><span class=\"size-3\">DK GROUP Int. Ltd. <\/span><\/h5>\n<p><span class=\"size-3\">Room 1602, 16\/F<br \/>Everprofit Commercial Building<br \/>36 Ko Shing Road<br \/>Hong Kong<\/span><\/p>\n<\/div>\n<\/div>\n<\/div>\n<\/div>\n<\/div>\n<p>[\/et_pb_text][et_pb_text admin_label=&#8220;Group de&#8220; _builder_version=&#8220;4.27.4&#8243; _module_preset=&#8220;default&#8220; text_text_color=&#8220;#345573&#8243; header_text_color=&#8220;#39D7FF&#8220; header_font_size=&#8220;48px&#8220; header_3_font=&#8220;DK Font Medium||||||||&#8220; header_3_text_align=&#8220;center&#8220; header_3_text_color=&#8220;#345573&#8243; header_3_line_height=&#8220;1.5em&#8220; header_4_text_color=&#8220;#39D7FF&#8220; header_5_font=&#8220;||||||||&#8220; header_5_text_color=&#8220;#39D7FF&#8220; width=&#8220;100%&#8220; max_width=&#8220;100%&#8220; custom_margin=&#8220;0px|0px|20px|0px|false|false&#8220; custom_padding=&#8220;0px|0px|0px|0px|false|false&#8220; global_colors_info=&#8220;{}&#8220;]<\/p>\n<div class=\"layout__item\">\n<div class=\"dis-fl flexw-w spaced\">\n<div class=\"dis-fl col-12 col-9--large\">\n<div class=\"co-black bc-white pad-2 pad-4--medium size-4 size-7--medium\">\n<div class=\"prose field field--name-field-content field--type-text-long field--label-hidden field__item\">\n<h5><span class=\"size-3\">DK Group GmbH<\/span><\/h5>\n<p><span class=\"size-3\">Im L\u00f6wental 60<br \/>45239 Essen<br \/>Deutschland<\/span><\/p>\n<\/div>\n<\/div>\n<\/div>\n<\/div>\n<\/div>\n<p>[\/et_pb_text][et_pb_text admin_label=&#8220;Medical&#8220; _builder_version=&#8220;4.27.4&#8243; _module_preset=&#8220;default&#8220; text_text_color=&#8220;#345573&#8243; header_text_color=&#8220;#39D7FF&#8220; header_font_size=&#8220;48px&#8220; header_3_font=&#8220;DK Font Medium||||||||&#8220; header_3_text_align=&#8220;center&#8220; header_3_text_color=&#8220;#345573&#8243; header_3_line_height=&#8220;1.5em&#8220; header_4_text_color=&#8220;#39D7FF&#8220; header_5_font=&#8220;||||||||&#8220; header_5_text_color=&#8220;#39D7FF&#8220; width=&#8220;100%&#8220; max_width=&#8220;100%&#8220; custom_margin=&#8220;0px|0px|20px|0px|false|false&#8220; custom_padding=&#8220;0px|0px|0px|0px|false|false&#8220; global_colors_info=&#8220;{}&#8220;]<\/p>\n<div class=\"layout__item\">\n<div class=\"dis-fl flexw-w spaced\">\n<div class=\"dis-fl col-12 col-9--large\">\n<div class=\"co-black bc-white pad-2 pad-4--medium size-4 size-7--medium\">\n<div class=\"prose field field--name-field-content field--type-text-long field--label-hidden field__item\">\n<h5><span class=\"size-3\">DK medical GmbH<\/span><\/h5>\n<p><span class=\"size-3\">Im L\u00f6wental 60<br \/>45239 Essen<br \/>Deutschland<\/span><\/p>\n<\/div>\n<\/div>\n<\/div>\n<\/div>\n<\/div>\n<p>[\/et_pb_text][et_pb_text admin_label=&#8220;USA&#8220; _builder_version=&#8220;4.27.4&#8243; _module_preset=&#8220;default&#8220; text_text_color=&#8220;#345573&#8243; header_font_size=&#8220;48px&#8220; header_3_font=&#8220;DK Font Medium||||||||&#8220; header_3_text_align=&#8220;center&#8220; header_3_text_color=&#8220;#345573&#8243; header_3_line_height=&#8220;1.5em&#8220; header_4_font=&#8220;DK Font Medium||||||||&#8220; header_4_text_color=&#8220;#39D7FF&#8220; header_5_font=&#8220;||||||||&#8220; header_5_text_color=&#8220;#39D7FF&#8220; width=&#8220;100%&#8220; max_width=&#8220;100%&#8220; custom_margin=&#8220;0px|0px|20px|0px|false|false&#8220; custom_padding=&#8220;0px|0px|0px|0px|false|false&#8220; global_colors_info=&#8220;{}&#8220;]<\/p>\n<div class=\"layout__item\">\n<div class=\"dis-fl flexw-w spaced\">\n<div class=\"dis-fl col-12 col-9--large\">\n<div class=\"co-black bc-white pad-2 pad-4--medium size-4 size-7--medium\">\n<h5 class=\"prose field field--name-field-content field--type-text-long field--label-hidden field__item\"><span class=\"size-3\">DK LED GROUP USA LLC<\/span><\/h5>\n<p><span class=\"size-3\">615 Chester Ave Moorestown<br \/>NJ 08057<br \/>USA<\/span><\/p>\n<\/div>\n<\/div>\n<\/div>\n<\/div>\n<p>[\/et_pb_text][\/et_pb_column][et_pb_column type=&#8220;1_5&#8243; _builder_version=&#8220;4.16&#8243; _module_preset=&#8220;default&#8220; global_colors_info=&#8220;{}&#8220;][et_pb_text admin_label=&#8220;China&#8220; _builder_version=&#8220;4.27.4&#8243; _module_preset=&#8220;default&#8220; text_text_color=&#8220;#345573&#8243; header_font_size=&#8220;48px&#8220; header_3_font=&#8220;DK Font Medium||||||||&#8220; header_3_text_align=&#8220;center&#8220; header_3_text_color=&#8220;#345573&#8243; header_3_line_height=&#8220;1.5em&#8220; header_4_font=&#8220;DK Font Medium||||||||&#8220; header_4_text_color=&#8220;#39D7FF&#8220; header_5_font=&#8220;||||||||&#8220; header_5_text_color=&#8220;#39D7FF&#8220; width=&#8220;100%&#8220; max_width=&#8220;100%&#8220; custom_margin=&#8220;0px|0px|20px|0px|false|false&#8220; custom_padding=&#8220;0px|0px|0px|0px|false|false&#8220; global_colors_info=&#8220;{}&#8220;]<\/p>\n<div class=\"layout__item\">\n<div class=\"dis-fl flexw-w spaced\">\n<div class=\"dis-fl col-12 col-9--large\">\n<div class=\"co-black bc-white pad-2 pad-4--medium size-4 size-7--medium\">\n<div class=\"prose field field--name-field-content field--type-text-long field--label-hidden field__item\">\n<h5><span class=\"size-3\">DK China Co., Ltd<\/span><\/h5>\n<p><span class=\"size-3\">12E, No450 Fushan Road<br \/>Pudong New Area<br \/>Shanghai<br \/>China<\/span><\/p>\n<\/div>\n<\/div>\n<\/div>\n<\/div>\n<\/div>\n<p>[\/et_pb_text][et_pb_text admin_label=&#8220;China&#8220; _builder_version=&#8220;4.27.4&#8243; _module_preset=&#8220;default&#8220; text_text_color=&#8220;#345573&#8243; header_font_size=&#8220;48px&#8220; header_3_font=&#8220;DK Font Medium||||||||&#8220; header_3_text_align=&#8220;center&#8220; header_3_text_color=&#8220;#345573&#8243; header_3_line_height=&#8220;1.5em&#8220; header_4_font=&#8220;DK Font Medium||||||||&#8220; header_4_text_color=&#8220;#39D7FF&#8220; header_5_font=&#8220;||||||||&#8220; header_5_text_color=&#8220;#39D7FF&#8220; width=&#8220;100%&#8220; max_width=&#8220;100%&#8220; custom_margin=&#8220;0px|0px|20px|0px|false|false&#8220; custom_padding=&#8220;0px|0px|0px|0px|false|false&#8220; global_colors_info=&#8220;{}&#8220;]<\/p>\n<div class=\"layout__item\">\n<div class=\"dis-fl flexw-w spaced\">\n<div class=\"dis-fl col-12 col-9--large\">\n<div class=\"co-black bc-white pad-2 pad-4--medium size-4 size-7--medium\">\n<div class=\"prose field field--name-field-content field--type-text-long field--label-hidden field__item\">\n<h5><span class=\"size-3\">DK China Co., Ltd<\/span><\/h5>\n<p><span class=\"size-3\">RM1107 Lianhong New Materials Building<br \/>Science and Education City<br \/>Wujin District, Changzhou City<br \/>Jiangsu Province<br \/>China<\/span><\/p>\n<\/div>\n<\/div>\n<\/div>\n<\/div>\n<\/div>\n<p>[\/et_pb_text][et_pb_text admin_label=&#8220;Senegal&#8220; _builder_version=&#8220;4.27.4&#8243; _module_preset=&#8220;default&#8220; text_text_color=&#8220;#345573&#8243; header_font=&#8220;DK Font Medium||||||||&#8220; header_text_color=&#8220;#39D7FF&#8220; header_font_size=&#8220;48px&#8220; header_3_font=&#8220;DK Font Medium||||||||&#8220; header_3_text_align=&#8220;center&#8220; header_3_text_color=&#8220;#345573&#8243; header_3_line_height=&#8220;1.5em&#8220; header_4_font=&#8220;DK Font Medium||||||||&#8220; header_4_text_color=&#8220;#39D7FF&#8220; header_5_font=&#8220;||||||||&#8220; header_5_text_color=&#8220;#39D7FF&#8220; width=&#8220;100%&#8220; max_width=&#8220;100%&#8220; custom_margin=&#8220;0px|0px|20px|0px|false|false&#8220; custom_padding=&#8220;0px|0px|0px|0px|false|false&#8220; global_colors_info=&#8220;{}&#8220;]<\/p>\n<div class=\"layout__item\">\n<div class=\"dis-fl flexw-w spaced\">\n<div class=\"dis-fl col-12 col-9--large\">\n<div class=\"co-black bc-white pad-2 pad-4--medium size-4 size-7--medium\">\n<div class=\"prose field field--name-field-content field--type-text-long field--label-hidden field__item\">\n<h5><span class=\"size-3\">DK Group SENEGAL SASU<\/span><\/h5>\n<p><span class=\"size-3\">Route du M\u00e9ridien<br \/>Almadies Zone 15<br \/>Dakar<br \/>Senegal<\/span><\/p>\n<\/div>\n<\/div>\n<\/div>\n<\/div>\n<\/div>\n<p>[\/et_pb_text][\/et_pb_column][\/et_pb_row][\/et_pb_section]<\/p>\n","protected":false},"excerpt":{"rendered":"<p><div class=\"wpforms-container wpforms-container-full wpforms-render-modern\" id=\"wpforms-42271\"><form id=\"wpforms-form-42271\" class=\"wpforms-validate wpforms-form\" data-formid=\"42271\" method=\"post\" enctype=\"multipart\/form-data\" action=\"\/de\/wp-json\/wp\/v2\/pages\/41771\" data-token=\"c9ded4d01f4b589f0cb68715087797ab\" data-token-time=\"1775646718\"><noscript class=\"wpforms-error-noscript\">Bitte aktiviere JavaScript in deinem Browser, um dieses Formular fertigzustellen.<\/noscript><div class=\"wpforms-hidden\" id=\"wpforms-error-noscript\">Bitte aktiviere JavaScript in deinem Browser, um dieses Formular fertigzustellen.<\/div><div class=\"wpforms-field-container\"><div id=\"wpforms-42271-field_12-container\" class=\"wpforms-field wpforms-field-select wpforms-field-select-style-classic\" data-field-id=\"12\"><label class=\"wpforms-field-label\" for=\"wpforms-42271-field_12\">Ich habe eine <span class=\"wpforms-required-label\" aria-hidden=\"true\">*<\/span><\/label><select id=\"wpforms-42271-field_12\" class=\"wpforms-field-small wpforms-field-required\" name=\"wpforms[fields][12]\" required=\"required\"><option value=\"\" class=\"placeholder\" disabled  selected='selected'>Bitte treffen Sie eine Auswahl<\/option><option value=\"Private Anfrage\" >Private Anfrage<\/option><option value=\"Gesch\u00e4ftliche Anfrage\" >Gesch\u00e4ftliche Anfrage<\/option><\/select><\/div><div id=\"wpforms-42271-field_5-container\" class=\"wpforms-field wpforms-field-text\" data-field-id=\"5\"><label class=\"wpforms-field-label\" for=\"wpforms-42271-field_5\">Name des Unternehmens<\/label><input type=\"text\" id=\"wpforms-42271-field_5\" class=\"wpforms-field-large\" name=\"wpforms[fields][5]\" aria-errormessage=\"wpforms-42271-field_5-error\" ><\/div><div id=\"wpforms-42271-field_1-container\" class=\"wpforms-field wpforms-field-name\" data-field-id=\"1\"><fieldset><legend class=\"wpforms-field-label\">Name <span class=\"wpforms-required-label\" aria-hidden=\"true\">*<\/span><\/legend><div class=\"wpforms-field-row wpforms-field-large\"><div class=\"wpforms-field-row-block wpforms-first wpforms-one-half\"><input type=\"text\" id=\"wpforms-42271-field_1\" class=\"wpforms-field-name-first wpforms-field-required\" name=\"wpforms[fields][1][first]\" placeholder=\"Vorname\" aria-errormessage=\"wpforms-42271-field_1-error\" required><label for=\"wpforms-42271-field_1\" class=\"wpforms-field-sublabel after wpforms-sublabel-hide\">Vorname<\/label><\/div><div class=\"wpforms-field-row-block wpforms-one-half\"><input type=\"text\" id=\"wpforms-42271-field_1-last\" class=\"wpforms-field-name-last wpforms-field-required\" name=\"wpforms[fields][1][last]\" placeholder=\"Nachname\" aria-errormessage=\"wpforms-42271-field_1-last-error\" required><label for=\"wpforms-42271-field_1-last\" class=\"wpforms-field-sublabel after wpforms-sublabel-hide\">Nachname<\/label><\/div><\/div><\/fieldset><\/div><div id=\"wpforms-42271-field_6-container\" class=\"wpforms-field wpforms-field-email\" data-field-id=\"6\"><fieldset><legend class=\"wpforms-field-label\">E-Mail <span class=\"wpforms-required-label\" aria-hidden=\"true\">*<\/span><\/legend><div class=\"wpforms-field-row wpforms-field-large\"><div class=\"wpforms-field-row-block wpforms-one-half wpforms-first\"><input type=\"email\" id=\"wpforms-42271-field_6\" class=\"wpforms-field-required wpforms-field-email-primary\" name=\"wpforms[fields][6][primary]\" placeholder=\"E-mail\" spellcheck=\"false\" aria-errormessage=\"wpforms-42271-field_6-error\" required><label for=\"wpforms-42271-field_6\" class=\"wpforms-field-sublabel after wpforms-sublabel-hide\">E-Mail-Adresse<\/label><\/div><div class=\"wpforms-field-row-block wpforms-one-half\"><input type=\"email\" id=\"wpforms-42271-field_6-secondary\" class=\"wpforms-field-email-secondary wpforms-field-required\" data-rule-confirm=\"#wpforms-42271-field_6\" name=\"wpforms[fields][6][secondary]\" placeholder=\"E-Mail best\u00e4tigen\" spellcheck=\"false\" aria-errormessage=\"wpforms-42271-field_6-secondary-error\" required><label for=\"wpforms-42271-field_6-secondary\" class=\"wpforms-field-sublabel after wpforms-sublabel-hide\">E-Mail best\u00e4tigen<\/label><\/div><\/div><\/fieldset><\/div><div id=\"wpforms-42271-field_7-container\" class=\"wpforms-field wpforms-field-phone\" data-field-id=\"7\"><label class=\"wpforms-field-label\" for=\"wpforms-42271-field_7\">Telefon <span class=\"wpforms-required-label\" aria-hidden=\"true\">*<\/span><\/label><input type=\"tel\" id=\"wpforms-42271-field_7\" class=\"wpforms-field-large wpforms-field-required wpforms-smart-phone-field\" data-rule-smart-phone-field=\"true\" name=\"wpforms[fields][7]\" aria-label=\"Telefon\" aria-errormessage=\"wpforms-42271-field_7-error\" required><\/div><div id=\"wpforms-42271-field_8-container\" class=\"wpforms-field wpforms-field-textarea\" data-field-id=\"8\"><label class=\"wpforms-field-label\" for=\"wpforms-42271-field_8\">Ihre Nachricht<\/label><textarea id=\"wpforms-42271-field_8\" class=\"wpforms-field-medium\" name=\"wpforms[fields][8]\" aria-errormessage=\"wpforms-42271-field_8-error\" ><\/textarea><\/div><div id=\"wpforms-42271-field_11-container\" class=\"wpforms-field wpforms-field-gdpr-checkbox\" data-field-id=\"11\"><label class=\"wpforms-field-label\">DSGVO Zustimmung <span class=\"wpforms-required-label\" aria-hidden=\"true\">*<\/span><\/label><ul id=\"wpforms-42271-field_11\" class=\"wpforms-field-required\"><li class=\"choice-1\"><input type=\"checkbox\" id=\"wpforms-42271-field_11_1\" name=\"wpforms[fields][11][]\" value=\"Ich bin damit einverstanden, dass meine hier angegebenen Daten zum Zweck der Kontaktaufnahme gem\u00e4\u00df der Datenschutzerkl\u00e4rung gespeichert werden.\" aria-errormessage=\"wpforms-42271-field_11_1-error\" required ><label class=\"wpforms-field-label-inline\" for=\"wpforms-42271-field_11_1\">Ich bin damit einverstanden, dass meine hier angegebenen Daten zum Zweck der Kontaktaufnahme gem\u00e4\u00df der Datenschutzerkl\u00e4rung gespeichert werden.<\/label><\/li><\/ul><\/div><div id=\"wpforms-42271-field_10-container\" class=\"wpforms-field wpforms-field-html\" data-field-id=\"10\"><div id=\"wpforms-42271-field_10\" aria-errormessage=\"wpforms-42271-field_10-error\"><span>Wir gehen gewissenhaft mit Ihren Daten um - Alles zum Thema Datenschutz finden Sie <a href=\"https:\/\/dk-group.hk\/de\/datenschutzerklaerung\/\" style=\"font-weight: bold;\">hier<\/a><\/span><\/div><\/div><\/div><!-- .wpforms-field-container --><div class=\"wpforms-submit-container\" ><input type=\"hidden\" name=\"wpforms[id]\" value=\"42271\"><input type=\"hidden\" name=\"page_title\" value=\"\"><input type=\"hidden\" name=\"page_url\" value=\"https:\/\/dk-group.hk\/de\/wp-json\/wp\/v2\/pages\/41771\"><button type=\"submit\" name=\"wpforms[submit]\" id=\"wpforms-submit-42271\" class=\"wpforms-submit\" data-alt-text=\"Wird gesendet \u2026\" data-submit-text=\"Senden\" aria-live=\"assertive\" value=\"wpforms-submit\">Senden<\/button><\/div><\/form><\/div>  <!-- .wpforms-container --> DK GROUP Int. Ltd. Room 1602, 16\/FEverprofit Commercial Building36 Ko Shing RoadHong Kong DK Group GmbH Im L\u00f6wental 6045239 EssenDeutschland DK medical GmbH Im L\u00f6wental 6045239 EssenDeutschland DK LED GROUP USA LLC 615 Chester Ave MoorestownNJ 08057USA DK China Co., Ltd 12E, No450 Fushan RoadPudong New AreaShanghaiChina DK China Co., Ltd RM1107 Lianhong [&hellip;]<\/p>\n","protected":false},"author":1,"featured_media":0,"parent":0,"menu_order":20,"comment_status":"closed","ping_status":"closed","template":"","meta":{"_et_pb_use_builder":"on","_et_pb_old_content":"","_et_gb_content_width":"","footnotes":""},"class_list":["post-41771","page","type-page","status-publish","hentry"],"_links":{"self":[{"href":"https:\/\/dk-group.hk\/de\/wp-json\/wp\/v2\/pages\/41771","targetHints":{"allow":["GET"]}}],"collection":[{"href":"https:\/\/dk-group.hk\/de\/wp-json\/wp\/v2\/pages"}],"about":[{"href":"https:\/\/dk-group.hk\/de\/wp-json\/wp\/v2\/types\/page"}],"author":[{"embeddable":true,"href":"https:\/\/dk-group.hk\/de\/wp-json\/wp\/v2\/users\/1"}],"replies":[{"embeddable":true,"href":"https:\/\/dk-group.hk\/de\/wp-json\/wp\/v2\/comments?post=41771"}],"version-history":[{"count":30,"href":"https:\/\/dk-group.hk\/de\/wp-json\/wp\/v2\/pages\/41771\/revisions"}],"predecessor-version":[{"id":42569,"href":"https:\/\/dk-group.hk\/de\/wp-json\/wp\/v2\/pages\/41771\/revisions\/42569"}],"wp:attachment":[{"href":"https:\/\/dk-group.hk\/de\/wp-json\/wp\/v2\/media?parent=41771"}],"curies":[{"name":"wp","href":"https:\/\/api.w.org\/{rel}","templated":true}]}}