{"id":41774,"date":"2023-06-11T18:41:35","date_gmt":"2023-06-11T16:41:35","guid":{"rendered":"http:\/\/s858352988.online.de\/impressum\/"},"modified":"2024-12-23T13:32:29","modified_gmt":"2024-12-23T12:32:29","slug":"impressum","status":"publish","type":"page","link":"https:\/\/dk-group.hk\/de\/impressum\/","title":{"rendered":"Impressum"},"content":{"rendered":"<p>[et_pb_section fb_built=&#8220;1&#8243; admin_label=&#8220;DK Trenner&#8220; _builder_version=&#8220;4.21.0&#8243; _module_preset=&#8220;default&#8220; background_color=&#8220;#CDD1D5&#8243; max_height=&#8220;95px&#8220; custom_margin=&#8220;||||false|false&#8220; custom_padding=&#8220;50px||10px||false|false&#8220; global_colors_info=&#8220;{}&#8220;][et_pb_row custom_padding_last_edited=&#8220;on|desktop&#8220; _builder_version=&#8220;4.21.0&#8243; _module_preset=&#8220;default&#8220; background_color=&#8220;#CDD1D5&#8243; width=&#8220;100%&#8220; max_width=&#8220;100%&#8220; custom_margin=&#8220;0px||0px||false|false&#8220; custom_padding=&#8220;0px|40px|0px|40px|false|false&#8220; custom_padding_tablet=&#8220;&#8220; custom_padding_phone=&#8220;|20px||20px|false|false&#8220; global_colors_info=&#8220;{}&#8220;][et_pb_column type=&#8220;4_4&#8243; _builder_version=&#8220;4.16&#8243; _module_preset=&#8220;default&#8220; global_colors_info=&#8220;{}&#8220;][et_pb_text _builder_version=&#8220;4.27.4&#8243; _module_preset=&#8220;default&#8220; header_font=&#8220;DK Book||||||||&#8220; header_text_align=&#8220;left&#8220; header_font_size=&#8220;16px&#8220; custom_padding=&#8220;||||false|false&#8220; hover_enabled=&#8220;0&#8243; global_colors_info=&#8220;{}&#8220; sticky_enabled=&#8220;0&#8243;]<\/p>\n<h1>IMPRESSUM<\/h1>\n<p>[\/et_pb_text][\/et_pb_column][\/et_pb_row][\/et_pb_section][et_pb_section fb_built=&#8220;1&#8243; custom_padding_last_edited=&#8220;on|phone&#8220; admin_label=&#8220;Header&#8220; _builder_version=&#8220;4.21.0&#8243; _module_preset=&#8220;default&#8220; background_color=&#8220;#ffffff&#8220; width=&#8220;100%&#8220; max_width=&#8220;100%&#8220; custom_margin=&#8220;2px||||false|false&#8220; custom_padding=&#8220;40px|40px|40px|40px|true|true&#8220; custom_padding_tablet=&#8220;&#8220; custom_padding_phone=&#8220;20px|20px|20px|20px|true|true&#8220; collapsed=&#8220;off&#8220; global_colors_info=&#8220;{}&#8220;][et_pb_row _builder_version=&#8220;4.21.0&#8243; _module_preset=&#8220;default&#8220; width=&#8220;100%&#8220; max_width=&#8220;100%&#8220; module_alignment=&#8220;center&#8220; custom_margin=&#8220;0px|0px|0px|0px|false|false&#8220; custom_padding=&#8220;0px|0px|0px|0px|false|false&#8220; global_colors_info=&#8220;{}&#8220;][et_pb_column type=&#8220;4_4&#8243; _builder_version=&#8220;4.16&#8243; _module_preset=&#8220;default&#8220; global_colors_info=&#8220;{}&#8220;][et_pb_text admin_label=&#8220;Group&#8220; _builder_version=&#8220;4.27.4&#8243; _module_preset=&#8220;default&#8220; text_text_color=&#8220;#345573&#8243; header_font_size=&#8220;48px&#8220; header_3_font=&#8220;DK Medium||||||||&#8220; header_3_text_align=&#8220;left&#8220; header_3_text_color=&#8220;#345573&#8243; header_3_line_height=&#8220;1.5em&#8220; header_4_font=&#8220;DK Medium||||||||&#8220; header_4_text_color=&#8220;#39D7FF&#8220; header_5_font=&#8220;DK Medium||||||||&#8220; header_5_text_color=&#8220;#39D7FF&#8220; width=&#8220;100%&#8220; max_width=&#8220;100%&#8220; custom_margin=&#8220;0px|0px|0px|0px|false|false&#8220; custom_padding=&#8220;0px|0px|0px|0px|false|false&#8220; hover_enabled=&#8220;0&#8243; global_colors_info=&#8220;{}&#8220; sticky_enabled=&#8220;0&#8243;]<\/p>\n<div class=\"layout__item\">\n<div class=\"dis-fl flexw-w spaced\">\n<div class=\"dis-fl col-12 col-9--large\">\n<div class=\"co-black bc-white pad-2 pad-4--medium size-4 size-7--medium\">\n<div class=\"prose field field--name-field-content field--type-text-long field--label-hidden field__item\">\n<div class=\"region region-content\">\n<div id=\"block-dk-theme-content\" class=\"block block-system block-system-main-block\">\n<div class=\"node bc-white layout__item pad-2 pad-4--medium\" role=\"article\" data-history-node-id=\"5\">\n<div class=\"region region-content\">\n<div id=\"block-dk-theme-content\" class=\"block block-system block-system-main-block\">\n<div class=\"node bc-white layout__item pad-2 pad-4--medium\" role=\"article\" data-history-node-id=\"3\">\n<h1 class=\"size-6 size-10--medium pad-b-2 pad-b-4--medium\"><span class=\"field field--name-title field--type-string field--label-hidden\">Rechtliche Offenlegung<\/span><\/h1>\n<div class=\"node__content size-7 lh-4\">\n<div class=\"prose field field--name-body field--type-text-with-summary field--label-hidden field__item\">\n<p>Informationen nach \u00a7 5 TMG:<\/p>\n<p>DK GROUP (International) Limited<br \/>36 Ko Shing Road<br \/>Room 1602, 16\/F Everprofit Commercial Building<br \/>Hong Kong<\/p>\n<h3>Vertreten durch<\/h3>\n<p>Dietmar Knaup<\/p>\n<h3>Kontakt<\/h3>\n<p>Telefon: +852 6811 6611<br \/>E-Mail: <a href=\"mailto:info@dk-group.hk\">info@dk-group.hk<\/a><br \/>Webaddresse: <a href=\"https:\/\/dk-group.hk\">www.dk-group.hk<\/a><\/p>\n<h3>Verordnung \u00fcber die Gewerbeanmeldung (Kapitel 310)<\/h3>\n<p>Zertifikat Nr. 37839717-000-04-17-5<\/p>\n<h3>Haftungsausschluss<\/h3>\n<p><strong>Verantwortlichkeit f\u00fcr den Inhalt<\/strong><\/p>\n<p>Die Inhalte unserer Seiten wurden mit gr\u00f6\u00dfter Sorgfalt erstellt. F\u00fcr die Richtigkeit, Vollst\u00e4ndigkeit und Aktualit\u00e4t der Inhalte k\u00f6nnen wir jedoch keine Gew\u00e4hr \u00fcbernehmen. Gem\u00e4\u00df den gesetzlichen Bestimmungen sind wir dar\u00fcber hinaus f\u00fcr eigene Inhalte auf diesen Seiten verantwortlich. Wir weisen in diesem Zusammenhang darauf hin, dass wir nicht verpflichtet sind, lediglich die \u00fcbermittelten oder gespeicherten Informationen Dritter zu \u00fcberwachen oder nach Umst\u00e4nden zu forschen, die auf eine rechtswidrige T\u00e4tigkeit hinweisen. Verpflichtungen zur Entfernung oder Sperrung der Nutzung von Informationen nach den allgemeinen Gesetzen bleiben nach den \u00a7\u00a7 8 bis 10 TMG hiervon unber\u00fchrt.<\/p>\n<p><strong>Verantwortlichkeit f\u00fcr Links<\/strong><\/p>\n<p>F\u00fcr den Inhalt externer Links (zu Webseiten Dritter) sind ausschlie\u00dflich deren Betreiber verantwortlich. Zum Zeitpunkt der Verlinkung waren f\u00fcr uns keine Verst\u00f6\u00dfe erkennbar. Bei Bekanntwerden von Rechtsverletzungen werden wir derartige Links umgehend entfernen.<\/p>\n<p><strong>Urheberrecht<\/strong><\/p>\n<p>Unsere Webseiten und deren Inhalte unterliegen dem deutschen Urheberrecht. Jede Form der Verwertung, Vervielf\u00e4ltigung oder Bearbeitung von urheberrechtlich gesch\u00fctzten Werken auf unseren Webseiten bedarf, soweit nicht ausdr\u00fccklich gesetzlich erlaubt (\u00a7 44a ff. UrhG), der vorherigen Zustimmung des jeweiligen Rechteinhabers. Einzelne Vervielf\u00e4ltigungen eines Werkes sind nur f\u00fcr den privaten Gebrauch erlaubt, d\u00fcrfen also weder direkt noch indirekt der Gewinnerzielung dienen. Die unerlaubte Verwertung von urheberrechtlich gesch\u00fctzten Werken ist strafbar (\u00a7 106 des Urheberrechtsgesetzes).<\/p>\n<\/div>\n<\/div>\n<\/div>\n<\/div>\n<\/div>\n<\/div>\n<\/div>\n<\/div>\n<\/div>\n<\/div>\n<\/div>\n<\/div>\n<\/div>\n<p>[\/et_pb_text][\/et_pb_column][\/et_pb_row][\/et_pb_section]<\/p>\n","protected":false},"excerpt":{"rendered":"<p>IMPRESSUM Rechtliche Offenlegung Informationen nach \u00a7 5 TMG: DK GROUP (International) Limited36 Ko Shing RoadRoom 1602, 16\/F Everprofit Commercial BuildingHong Kong Vertreten durch Dietmar Knaup Kontakt Telefon: +852 6811 6611E-Mail: info@dk-group.hkWebaddresse: www.dk-group.hk Verordnung \u00fcber die Gewerbeanmeldung (Kapitel 310) Zertifikat Nr. 37839717-000-04-17-5 Haftungsausschluss Verantwortlichkeit f\u00fcr den Inhalt Die Inhalte unserer Seiten wurden mit gr\u00f6\u00dfter Sorgfalt erstellt. [&hellip;]<\/p>\n","protected":false},"author":1,"featured_media":0,"parent":0,"menu_order":100,"comment_status":"closed","ping_status":"closed","template":"","meta":{"_et_pb_use_builder":"on","_et_pb_old_content":"","_et_gb_content_width":"","footnotes":""},"class_list":["post-41774","page","type-page","status-publish","hentry"],"_links":{"self":[{"href":"https:\/\/dk-group.hk\/de\/wp-json\/wp\/v2\/pages\/41774","targetHints":{"allow":["GET"]}}],"collection":[{"href":"https:\/\/dk-group.hk\/de\/wp-json\/wp\/v2\/pages"}],"about":[{"href":"https:\/\/dk-group.hk\/de\/wp-json\/wp\/v2\/types\/page"}],"author":[{"embeddable":true,"href":"https:\/\/dk-group.hk\/de\/wp-json\/wp\/v2\/users\/1"}],"replies":[{"embeddable":true,"href":"https:\/\/dk-group.hk\/de\/wp-json\/wp\/v2\/comments?post=41774"}],"version-history":[{"count":6,"href":"https:\/\/dk-group.hk\/de\/wp-json\/wp\/v2\/pages\/41774\/revisions"}],"predecessor-version":[{"id":42558,"href":"https:\/\/dk-group.hk\/de\/wp-json\/wp\/v2\/pages\/41774\/revisions\/42558"}],"wp:attachment":[{"href":"https:\/\/dk-group.hk\/de\/wp-json\/wp\/v2\/media?parent=41774"}],"curies":[{"name":"wp","href":"https:\/\/api.w.org\/{rel}","templated":true}]}}