{"id":41777,"date":"2023-06-11T12:33:36","date_gmt":"2023-06-11T10:33:36","guid":{"rendered":"http:\/\/s858352988.online.de\/datenschutzerklaerung\/"},"modified":"2024-12-23T13:01:46","modified_gmt":"2024-12-23T12:01:46","slug":"datenschutzerklaerung","status":"publish","type":"page","link":"https:\/\/dk-group.hk\/de\/datenschutzerklaerung\/","title":{"rendered":"Datenschutzerkl\u00e4rung"},"content":{"rendered":"<p>[et_pb_section fb_built=&#8220;1&#8243; admin_label=&#8220;DK Trenner&#8220; _builder_version=&#8220;4.21.0&#8243; _module_preset=&#8220;default&#8220; background_color=&#8220;#CDD1D5&#8243; max_height=&#8220;95px&#8220; custom_margin=&#8220;||||false|false&#8220; custom_padding=&#8220;50px||10px||false|false&#8220; global_colors_info=&#8220;{}&#8220;][et_pb_row custom_padding_last_edited=&#8220;on|desktop&#8220; _builder_version=&#8220;4.21.0&#8243; _module_preset=&#8220;default&#8220; background_color=&#8220;#CDD1D5&#8243; width=&#8220;100%&#8220; max_width=&#8220;100%&#8220; custom_margin=&#8220;0px||0px||false|false&#8220; custom_padding=&#8220;0px|40px|0px|40px|false|false&#8220; custom_padding_tablet=&#8220;&#8220; custom_padding_phone=&#8220;|20px||20px|false|false&#8220; global_colors_info=&#8220;{}&#8220;][et_pb_column type=&#8220;4_4&#8243; _builder_version=&#8220;4.16&#8243; _module_preset=&#8220;default&#8220; global_colors_info=&#8220;{}&#8220;][et_pb_text _builder_version=&#8220;4.21.0&#8243; _module_preset=&#8220;default&#8220; header_font=&#8220;DK Font Book||||||||&#8220; header_text_align=&#8220;left&#8220; header_font_size=&#8220;14px&#8220; custom_padding=&#8220;||||false|false&#8220; global_colors_info=&#8220;{}&#8220;]<\/p>\n<h1>DATENSCHUTZERKL\u00c4RUNG<\/h1>\n<p>[\/et_pb_text][\/et_pb_column][\/et_pb_row][\/et_pb_section][et_pb_section fb_built=&#8220;1&#8243; custom_padding_last_edited=&#8220;on|phone&#8220; admin_label=&#8220;Header&#8220; _builder_version=&#8220;4.21.0&#8243; _module_preset=&#8220;default&#8220; background_color=&#8220;#ffffff&#8220; width=&#8220;100%&#8220; max_width=&#8220;100%&#8220; custom_margin=&#8220;2px||||false|false&#8220; custom_padding=&#8220;40px|40px|40px|40px|true|true&#8220; custom_padding_tablet=&#8220;&#8220; custom_padding_phone=&#8220;20px|20px|20px|20px|true|true&#8220; collapsed=&#8220;off&#8220; global_colors_info=&#8220;{}&#8220;][et_pb_row _builder_version=&#8220;4.21.0&#8243; _module_preset=&#8220;default&#8220; width=&#8220;100%&#8220; max_width=&#8220;100%&#8220; module_alignment=&#8220;center&#8220; custom_margin=&#8220;0px|0px|0px|0px|false|false&#8220; custom_padding=&#8220;0px|0px|0px|0px|false|false&#8220; global_colors_info=&#8220;{}&#8220;][et_pb_column type=&#8220;4_4&#8243; _builder_version=&#8220;4.16&#8243; _module_preset=&#8220;default&#8220; global_colors_info=&#8220;{}&#8220;][et_pb_text admin_label=&#8220;Group&#8220; _builder_version=&#8220;4.27.4&#8243; _module_preset=&#8220;default&#8220; text_text_color=&#8220;#345573&#8243; header_font_size=&#8220;48px&#8220; header_3_font=&#8220;DK Font Medium||||||||&#8220; header_3_text_align=&#8220;left&#8220; header_3_text_color=&#8220;#345573&#8243; header_3_line_height=&#8220;1.5em&#8220; header_4_font=&#8220;DK Font Medium||||||||&#8220; header_4_text_color=&#8220;#39D7FF&#8220; header_5_font=&#8220;DK Font Medium||||||||&#8220; header_5_text_color=&#8220;#39D7FF&#8220; width=&#8220;100%&#8220; max_width=&#8220;100%&#8220; custom_margin=&#8220;0px|0px|0px|0px|false|false&#8220; custom_padding=&#8220;0px|0px|0px|0px|false|false&#8220; hover_enabled=&#8220;0&#8243; global_colors_info=&#8220;{}&#8220; sticky_enabled=&#8220;0&#8243;]<\/p>\n<div class=\"layout__item\">\n<div class=\"region region-content\">\n<div id=\"block-dk-theme-content\" class=\"block block-system block-system-main-block\">\n<div class=\"node bc-white layout__item pad-2 pad-4--medium\" role=\"article\" data-history-node-id=\"4\">\n<div class=\"node__content size-7 lh-4\">\n<div class=\"prose field field--name-body field--type-text-with-summary field--label-hidden field__item\">\n<h3>Allgemeines<\/h3>\n<p>Ihre personenbezogenen Daten (z.B. Anrede, Name, Hausadresse, E-Mail-Adresse, Telefonnummer, Bankverbindung, Kreditkartennummer) werden von uns nur gem\u00e4\u00df den Bestimmungen des deutschen Datenschutzrechts verarbeitet. Die nachfolgenden Vorschriften informieren Sie \u00fcber Art, Umfang und Zweck der Erhebung, Verarbeitung und Nutzung personenbezogener Daten. Diese Datenschutzerkl\u00e4rung gilt nur f\u00fcr unsere Webseiten. Falls Sie \u00fcber Links auf unseren Seiten auf andere Seiten weitergeleitet werden, erkundigen Sie sich bitte dort, wie in diesen F\u00e4llen mit Ihren Daten umgegangen wird.<\/p>\n<h3>Bestandsdaten<\/h3>\n<p>(1) Ihre personenbezogenen Daten, soweit diese f\u00fcr die Begr\u00fcndung, inhaltliche Ausgestaltung oder \u00c4nderung dieses Vertragsverh\u00e4ltnisses erforderlich sind (Bestandsdaten), werden ausschlie\u00dflich zur Vertragsabwicklung verwendet. So muss z.B. zur Zustellung der Waren Ihr Name und Ihre Anschrift an den Warenlieferanten weitergegeben werden.<\/p>\n<p>(2) Ohne Ihre ausdr\u00fcckliche Einwilligung oder eine gesetzliche Grundlage werden Ihre personenbezogenen Daten nicht an Dritte au\u00dferhalb der Vertragserf\u00fcllung weitergegeben. Mit vollst\u00e4ndiger Abwicklung des Vertrages werden Ihre Daten f\u00fcr die weitere Verwendung gesperrt. Nach Ablauf der steuer- und handelsrechtlichen Fristen werden diese Daten gel\u00f6scht, sofern Sie nicht ausdr\u00fccklich in die weitere Nutzung eingewilligt haben.<\/p>\n<h3>Offenlegung<\/h3>\n<p>Nach dem Bundesdatenschutzgesetz haben Sie ein Recht auf unentgeltliche Auskunft \u00fcber Ihre gespeicherten Daten sowie ggf. ein Recht auf Berichtigung, Sperrung oder L\u00f6schung dieser Daten. Anfragen k\u00f6nnen an die folgenden E-Mail-Adressen gerichtet werden: ( info@dk-group.hk )<\/p>\n<\/div>\n<\/div>\n<\/div>\n<\/div>\n<\/div>\n<\/div>\n<p>[\/et_pb_text][\/et_pb_column][\/et_pb_row][\/et_pb_section]<\/p>\n","protected":false},"excerpt":{"rendered":"<p>DATENSCHUTZERKL\u00c4RUNG Allgemeines Ihre personenbezogenen Daten (z.B. Anrede, Name, Hausadresse, E-Mail-Adresse, Telefonnummer, Bankverbindung, Kreditkartennummer) werden von uns nur gem\u00e4\u00df den Bestimmungen des deutschen Datenschutzrechts verarbeitet. Die nachfolgenden Vorschriften informieren Sie \u00fcber Art, Umfang und Zweck der Erhebung, Verarbeitung und Nutzung personenbezogener Daten. Diese Datenschutzerkl\u00e4rung gilt nur f\u00fcr unsere Webseiten. Falls Sie \u00fcber Links auf unseren Seiten [&hellip;]<\/p>\n","protected":false},"author":1,"featured_media":0,"parent":0,"menu_order":105,"comment_status":"closed","ping_status":"closed","template":"","meta":{"_et_pb_use_builder":"on","_et_pb_old_content":"","_et_gb_content_width":"","footnotes":""},"class_list":["post-41777","page","type-page","status-publish","hentry"],"_links":{"self":[{"href":"https:\/\/dk-group.hk\/de\/wp-json\/wp\/v2\/pages\/41777","targetHints":{"allow":["GET"]}}],"collection":[{"href":"https:\/\/dk-group.hk\/de\/wp-json\/wp\/v2\/pages"}],"about":[{"href":"https:\/\/dk-group.hk\/de\/wp-json\/wp\/v2\/types\/page"}],"author":[{"embeddable":true,"href":"https:\/\/dk-group.hk\/de\/wp-json\/wp\/v2\/users\/1"}],"replies":[{"embeddable":true,"href":"https:\/\/dk-group.hk\/de\/wp-json\/wp\/v2\/comments?post=41777"}],"version-history":[{"count":11,"href":"https:\/\/dk-group.hk\/de\/wp-json\/wp\/v2\/pages\/41777\/revisions"}],"predecessor-version":[{"id":42536,"href":"https:\/\/dk-group.hk\/de\/wp-json\/wp\/v2\/pages\/41777\/revisions\/42536"}],"wp:attachment":[{"href":"https:\/\/dk-group.hk\/de\/wp-json\/wp\/v2\/media?parent=41777"}],"curies":[{"name":"wp","href":"https:\/\/api.w.org\/{rel}","templated":true}]}}