{"id":41798,"date":"2023-06-11T12:33:36","date_gmt":"2023-06-11T10:33:36","guid":{"rendered":"http:\/\/s858352988.online.de\/declaration-de-confidentialite\/"},"modified":"2024-12-23T12:58:36","modified_gmt":"2024-12-23T11:58:36","slug":"declaration-de-confidentialite","status":"publish","type":"page","link":"https:\/\/dk-group.hk\/fr\/declaration-de-confidentialite\/","title":{"rendered":"D\u00e9claration de confidentialit\u00e9"},"content":{"rendered":"<p>[et_pb_section fb_built=\u00a0\u00bb1&Prime; admin_label=\u00a0\u00bbDK Trenner\u00a0\u00bb _builder_version=\u00a0\u00bb4.21.0&Prime; _module_preset=\u00a0\u00bbdefault\u00a0\u00bb background_color=\u00a0\u00bb#CDD1D5&Prime; max_height=\u00a0\u00bb95px\u00a0\u00bb custom_margin=\u00a0\u00bb||||false|false\u00a0\u00bb custom_padding=\u00a0\u00bb50px||10px||false|false\u00a0\u00bb global_colors_info=\u00a0\u00bb{}\u00a0\u00bb][et_pb_row custom_padding_last_edited=\u00a0\u00bbon|desktop\u00a0\u00bb _builder_version=\u00a0\u00bb4.21.0&Prime; _module_preset=\u00a0\u00bbdefault\u00a0\u00bb background_color=\u00a0\u00bb#CDD1D5&Prime; width=\u00a0\u00bb100%\u00a0\u00bb max_width=\u00a0\u00bb100%\u00a0\u00bb custom_margin=\u00a0\u00bb0px||0px||false|false\u00a0\u00bb custom_padding=\u00a0\u00bb0px|40px|0px|40px|false|false\u00a0\u00bb custom_padding_tablet=\u00a0\u00bb\u00a0\u00bb custom_padding_phone=\u00a0\u00bb|20px||20px|false|false\u00a0\u00bb global_colors_info=\u00a0\u00bb{}\u00a0\u00bb][et_pb_column type=\u00a0\u00bb4_4&Prime; _builder_version=\u00a0\u00bb4.16&Prime; _module_preset=\u00a0\u00bbdefault\u00a0\u00bb global_colors_info=\u00a0\u00bb{}\u00a0\u00bb][et_pb_text _builder_version=\u00a0\u00bb4.21.0&Prime; _module_preset=\u00a0\u00bbdefault\u00a0\u00bb header_font=\u00a0\u00bbDK Font Book||||||||\u00a0\u00bb header_text_align=\u00a0\u00bbleft\u00a0\u00bb header_font_size=\u00a0\u00bb14px\u00a0\u00bb custom_padding=\u00a0\u00bb||||false|false\u00a0\u00bb global_colors_info=\u00a0\u00bb{}\u00a0\u00bb]<\/p>\n<h1>D\u00c9CLARATION DE CONFIDENTIALIT\u00c8<\/h1>\n<p>[\/et_pb_text][\/et_pb_column][\/et_pb_row][\/et_pb_section][et_pb_section fb_built=\u00a0\u00bb1&Prime; custom_padding_last_edited=\u00a0\u00bbon|phone\u00a0\u00bb admin_label=\u00a0\u00bbHeader\u00a0\u00bb _builder_version=\u00a0\u00bb4.21.0&Prime; _module_preset=\u00a0\u00bbdefault\u00a0\u00bb background_color=\u00a0\u00bb#ffffff\u00a0\u00bb width=\u00a0\u00bb100%\u00a0\u00bb max_width=\u00a0\u00bb100%\u00a0\u00bb custom_margin=\u00a0\u00bb2px||||false|false\u00a0\u00bb custom_padding=\u00a0\u00bb40px|40px|40px|40px|true|true\u00a0\u00bb custom_padding_tablet=\u00a0\u00bb\u00a0\u00bb custom_padding_phone=\u00a0\u00bb20px|20px|20px|20px|true|true\u00a0\u00bb collapsed=\u00a0\u00bboff\u00a0\u00bb global_colors_info=\u00a0\u00bb{}\u00a0\u00bb][et_pb_row _builder_version=\u00a0\u00bb4.21.0&Prime; _module_preset=\u00a0\u00bbdefault\u00a0\u00bb width=\u00a0\u00bb100%\u00a0\u00bb max_width=\u00a0\u00bb100%\u00a0\u00bb module_alignment=\u00a0\u00bbcenter\u00a0\u00bb custom_margin=\u00a0\u00bb0px|0px|0px|0px|false|false\u00a0\u00bb custom_padding=\u00a0\u00bb0px|0px|0px|0px|false|false\u00a0\u00bb global_colors_info=\u00a0\u00bb{}\u00a0\u00bb][et_pb_column type=\u00a0\u00bb4_4&Prime; _builder_version=\u00a0\u00bb4.16&Prime; _module_preset=\u00a0\u00bbdefault\u00a0\u00bb global_colors_info=\u00a0\u00bb{}\u00a0\u00bb][et_pb_text admin_label=\u00a0\u00bbGroup\u00a0\u00bb _builder_version=\u00a0\u00bb4.27.4&Prime; _module_preset=\u00a0\u00bbdefault\u00a0\u00bb text_text_color=\u00a0\u00bb#345573&Prime; header_font_size=\u00a0\u00bb48px\u00a0\u00bb header_3_font=\u00a0\u00bbDK Font Medium||||||||\u00a0\u00bb header_3_text_align=\u00a0\u00bbleft\u00a0\u00bb header_3_text_color=\u00a0\u00bb#345573&Prime; header_3_line_height=\u00a0\u00bb1.5em\u00a0\u00bb header_4_font=\u00a0\u00bbDK Font Medium||||||||\u00a0\u00bb header_4_text_color=\u00a0\u00bb#39D7FF\u00a0\u00bb header_5_font=\u00a0\u00bbDK Font Medium||||||||\u00a0\u00bb header_5_text_color=\u00a0\u00bb#39D7FF\u00a0\u00bb width=\u00a0\u00bb100%\u00a0\u00bb max_width=\u00a0\u00bb100%\u00a0\u00bb custom_margin=\u00a0\u00bb0px|0px|0px|0px|false|false\u00a0\u00bb custom_padding=\u00a0\u00bb0px|0px|0px|0px|false|false\u00a0\u00bb hover_enabled=\u00a0\u00bb0&Prime; global_colors_info=\u00a0\u00bb{}\u00a0\u00bb sticky_enabled=\u00a0\u00bb0&Prime;]<\/p>\n<div class=\"layout__item\">\n<div class=\"region region-content\">\n<div id=\"block-dk-theme-content\" class=\"block block-system block-system-main-block\">\n<div class=\"node bc-white layout__item pad-2 pad-4--medium\" role=\"article\" data-history-node-id=\"4\">\n<div class=\"node__content size-7 lh-4\">\n<div class=\"prose field field--name-body field--type-text-with-summary field--label-hidden field__item\">\n<h3>G\u00e9n\u00e9ralit\u00e9s<\/h3>\n<p>Vos donn\u00e9es personnelles (par ex. titre, nom, adresse personnelle, adresse e-mail, num\u00e9ro de t\u00e9l\u00e9phone, coordonn\u00e9es bancaires, num\u00e9ro de carte de cr\u00e9dit) ne sont trait\u00e9es par nos soins que conform\u00e9ment aux dispositions de la loi allemande sur la protection des donn\u00e9es. Les dispositions suivantes vous informent sur la nature, l&rsquo;\u00e9tendue et la finalit\u00e9 de la collecte, du traitement et de l&rsquo;utilisation des donn\u00e9es personnelles. Cette d\u00e9claration de protection des donn\u00e9es ne s&rsquo;applique qu&rsquo;\u00e0 nos pages web. Si vous \u00eates redirig\u00e9 vers d&rsquo;autres sites par des liens sur nos pages, veuillez vous renseigner sur la mani\u00e8re dont vos donn\u00e9es sont trait\u00e9es dans ces cas-l\u00e0. Les dispositions suivantes vous informent sur la nature, l&rsquo;\u00e9tendue et la finalit\u00e9 de la collecte, du traitement et de l&rsquo;utilisation des donn\u00e9es \u00e0 caract\u00e8re personnel. Cette d\u00e9claration de protection des donn\u00e9es ne s&rsquo;applique qu&rsquo;\u00e0 nos pages web. Si vous \u00eates redirig\u00e9 vers d&rsquo;autres sites via des liens sur nos pages, veuillez vous renseigner sur la mani\u00e8re dont vos donn\u00e9es sont trait\u00e9es dans ces cas-l\u00e0.<br \/>Donn\u00e9es d&rsquo;inventaire<\/p>\n<h3>Donn\u00e9es d&rsquo;inventaire<\/h3>\n<p>(1) Vos donn\u00e9es personnelles, dans la mesure o\u00f9 elles sont n\u00e9cessaires \u00e0 l&rsquo;\u00e9tablissement, \u00e0 l&rsquo;organisation du contenu ou \u00e0 la modification de cette relation contractuelle (donn\u00e9es de base), sont utilis\u00e9es exclusivement pour l&rsquo;ex\u00e9cution du contrat. Ainsi, par exemple, pour la livraison des marchandises, votre nom et votre adresse doivent \u00eatre transmis au fournisseur des marchandises.<\/p>\n<p>(2) Sans votre consentement explicite ou une base l\u00e9gale, vos donn\u00e9es personnelles ne seront pas transmises \u00e0 des tiers en dehors de l&rsquo;ex\u00e9cution du contrat. Une fois le contrat enti\u00e8rement ex\u00e9cut\u00e9, vos donn\u00e9es sont bloqu\u00e9es pour toute utilisation ult\u00e9rieure. Apr\u00e8s l&rsquo;expiration des d\u00e9lais fiscaux et commerciaux, ces donn\u00e9es seront supprim\u00e9es, \u00e0 moins que vous n&rsquo;ayez express\u00e9ment consenti \u00e0 leur utilisation ult\u00e9rieure.<\/p>\n<h3>Divulgation<\/h3>\n<p>Conform\u00e9ment \u00e0 la loi f\u00e9d\u00e9rale sur la protection des donn\u00e9es, vous avez un droit d&rsquo;acc\u00e8s gratuit \u00e0 vos donn\u00e9es enregistr\u00e9es et, le cas \u00e9ch\u00e9ant, un droit de rectification, de blocage ou de suppression de ces donn\u00e9es. Les demandes peuvent \u00eatre adress\u00e9es aux adresses \u00e9lectroniques suivantes : ( info@dk-group.hk )<\/p>\n<\/div>\n<\/div>\n<\/div>\n<\/div>\n<\/div>\n<\/div>\n<p>[\/et_pb_text][\/et_pb_column][\/et_pb_row][\/et_pb_section]<\/p>\n","protected":false},"excerpt":{"rendered":"<p>D\u00c9CLARATION DE CONFIDENTIALIT\u00c8 G\u00e9n\u00e9ralit\u00e9s Vos donn\u00e9es personnelles (par ex. titre, nom, adresse personnelle, adresse e-mail, num\u00e9ro de t\u00e9l\u00e9phone, coordonn\u00e9es bancaires, num\u00e9ro de carte de cr\u00e9dit) ne sont trait\u00e9es par nos soins que conform\u00e9ment aux dispositions de la loi allemande sur la protection des donn\u00e9es. Les dispositions suivantes vous informent sur la nature, l&rsquo;\u00e9tendue et la [&hellip;]<\/p>\n","protected":false},"author":1,"featured_media":0,"parent":0,"menu_order":105,"comment_status":"closed","ping_status":"closed","template":"","meta":{"_et_pb_use_builder":"on","_et_pb_old_content":"","_et_gb_content_width":"","footnotes":""},"class_list":["post-41798","page","type-page","status-publish","hentry"],"_links":{"self":[{"href":"https:\/\/dk-group.hk\/fr\/wp-json\/wp\/v2\/pages\/41798","targetHints":{"allow":["GET"]}}],"collection":[{"href":"https:\/\/dk-group.hk\/fr\/wp-json\/wp\/v2\/pages"}],"about":[{"href":"https:\/\/dk-group.hk\/fr\/wp-json\/wp\/v2\/types\/page"}],"author":[{"embeddable":true,"href":"https:\/\/dk-group.hk\/fr\/wp-json\/wp\/v2\/users\/1"}],"replies":[{"embeddable":true,"href":"https:\/\/dk-group.hk\/fr\/wp-json\/wp\/v2\/comments?post=41798"}],"version-history":[{"count":6,"href":"https:\/\/dk-group.hk\/fr\/wp-json\/wp\/v2\/pages\/41798\/revisions"}],"predecessor-version":[{"id":42533,"href":"https:\/\/dk-group.hk\/fr\/wp-json\/wp\/v2\/pages\/41798\/revisions\/42533"}],"wp:attachment":[{"href":"https:\/\/dk-group.hk\/fr\/wp-json\/wp\/v2\/media?parent=41798"}],"curies":[{"name":"wp","href":"https:\/\/api.w.org\/{rel}","templated":true}]}}