{"id":41801,"date":"2023-06-11T18:41:35","date_gmt":"2023-06-11T16:41:35","guid":{"rendered":"http:\/\/s858352988.online.de\/mention-legale\/"},"modified":"2023-06-20T13:13:41","modified_gmt":"2023-06-20T11:13:41","slug":"mention-legale","status":"publish","type":"page","link":"https:\/\/dk-group.hk\/fr\/mention-legale\/","title":{"rendered":"Mention l\u00e9gale"},"content":{"rendered":"<p>[et_pb_section fb_built=\u00a0\u00bb1&Prime; admin_label=\u00a0\u00bbDK Trenner\u00a0\u00bb _builder_version=\u00a0\u00bb4.21.0&Prime; _module_preset=\u00a0\u00bbdefault\u00a0\u00bb background_color=\u00a0\u00bb#CDD1D5&Prime; max_height=\u00a0\u00bb95px\u00a0\u00bb custom_margin=\u00a0\u00bb||||false|false\u00a0\u00bb custom_padding=\u00a0\u00bb50px||10px||false|false\u00a0\u00bb global_colors_info=\u00a0\u00bb{}\u00a0\u00bb][et_pb_row custom_padding_last_edited=\u00a0\u00bbon|desktop\u00a0\u00bb _builder_version=\u00a0\u00bb4.21.0&Prime; _module_preset=\u00a0\u00bbdefault\u00a0\u00bb background_color=\u00a0\u00bb#CDD1D5&Prime; width=\u00a0\u00bb100%\u00a0\u00bb max_width=\u00a0\u00bb100%\u00a0\u00bb custom_margin=\u00a0\u00bb0px||0px||false|false\u00a0\u00bb custom_padding=\u00a0\u00bb0px|40px|0px|40px|false|false\u00a0\u00bb custom_padding_tablet=\u00a0\u00bb\u00a0\u00bb custom_padding_phone=\u00a0\u00bb|20px||20px|false|false\u00a0\u00bb global_colors_info=\u00a0\u00bb{}\u00a0\u00bb][et_pb_column type=\u00a0\u00bb4_4&Prime; _builder_version=\u00a0\u00bb4.16&Prime; _module_preset=\u00a0\u00bbdefault\u00a0\u00bb global_colors_info=\u00a0\u00bb{}\u00a0\u00bb][et_pb_text _builder_version=\u00a0\u00bb4.21.0&Prime; _module_preset=\u00a0\u00bbdefault\u00a0\u00bb header_font=\u00a0\u00bbDK Font Book||||||||\u00a0\u00bb header_text_align=\u00a0\u00bbleft\u00a0\u00bb header_font_size=\u00a0\u00bb14px\u00a0\u00bb custom_padding=\u00a0\u00bb||||false|false\u00a0\u00bb global_colors_info=\u00a0\u00bb{}\u00a0\u00bb]<\/p>\n<h1>MENTION L\u00c8GALE<\/h1>\n<p>[\/et_pb_text][\/et_pb_column][\/et_pb_row][\/et_pb_section][et_pb_section fb_built=\u00a0\u00bb1&Prime; custom_padding_last_edited=\u00a0\u00bbon|phone\u00a0\u00bb admin_label=\u00a0\u00bbHeader\u00a0\u00bb _builder_version=\u00a0\u00bb4.21.0&Prime; _module_preset=\u00a0\u00bbdefault\u00a0\u00bb background_color=\u00a0\u00bb#ffffff\u00a0\u00bb width=\u00a0\u00bb100%\u00a0\u00bb max_width=\u00a0\u00bb100%\u00a0\u00bb custom_margin=\u00a0\u00bb2px||||false|false\u00a0\u00bb custom_padding=\u00a0\u00bb40px|40px|40px|40px|true|true\u00a0\u00bb custom_padding_tablet=\u00a0\u00bb\u00a0\u00bb custom_padding_phone=\u00a0\u00bb20px|20px|20px|20px|true|true\u00a0\u00bb collapsed=\u00a0\u00bboff\u00a0\u00bb global_colors_info=\u00a0\u00bb{}\u00a0\u00bb][et_pb_row _builder_version=\u00a0\u00bb4.21.0&Prime; _module_preset=\u00a0\u00bbdefault\u00a0\u00bb width=\u00a0\u00bb100%\u00a0\u00bb max_width=\u00a0\u00bb100%\u00a0\u00bb module_alignment=\u00a0\u00bbcenter\u00a0\u00bb custom_margin=\u00a0\u00bb0px|0px|0px|0px|false|false\u00a0\u00bb custom_padding=\u00a0\u00bb0px|0px|0px|0px|false|false\u00a0\u00bb hover_enabled=\u00a0\u00bb0&Prime; global_colors_info=\u00a0\u00bb{}\u00a0\u00bb sticky_enabled=\u00a0\u00bb0&Prime;][et_pb_column type=\u00a0\u00bb4_4&Prime; _builder_version=\u00a0\u00bb4.16&Prime; _module_preset=\u00a0\u00bbdefault\u00a0\u00bb global_colors_info=\u00a0\u00bb{}\u00a0\u00bb][et_pb_text admin_label=\u00a0\u00bbGroup\u00a0\u00bb _builder_version=\u00a0\u00bb4.21.0&Prime; _module_preset=\u00a0\u00bbdefault\u00a0\u00bb text_text_color=\u00a0\u00bb#345573&Prime; header_font_size=\u00a0\u00bb48px\u00a0\u00bb header_3_font=\u00a0\u00bbDK Font Medium||||||||\u00a0\u00bb header_3_text_align=\u00a0\u00bbleft\u00a0\u00bb header_3_text_color=\u00a0\u00bb#345573&Prime; header_3_line_height=\u00a0\u00bb1.5em\u00a0\u00bb header_4_font=\u00a0\u00bbDK Font Medium||||||||\u00a0\u00bb header_4_text_color=\u00a0\u00bb#39D7FF\u00a0\u00bb header_5_font=\u00a0\u00bbDK Font Medium||||||||\u00a0\u00bb header_5_text_color=\u00a0\u00bb#39D7FF\u00a0\u00bb width=\u00a0\u00bb100%\u00a0\u00bb max_width=\u00a0\u00bb100%\u00a0\u00bb custom_margin=\u00a0\u00bb0px|0px|0px|0px|false|false\u00a0\u00bb custom_padding=\u00a0\u00bb0px|0px|0px|0px|false|false\u00a0\u00bb hover_enabled=\u00a0\u00bb0&Prime; global_colors_info=\u00a0\u00bb{}\u00a0\u00bb sticky_enabled=\u00a0\u00bb0&Prime;]<\/p>\n<div class=\"layout__item\">\n<div class=\"dis-fl flexw-w spaced\">\n<div class=\"dis-fl col-12 col-9--large\">\n<div class=\"co-black bc-white pad-2 pad-4--medium size-4 size-7--medium\">\n<div class=\"prose field field--name-field-content field--type-text-long field--label-hidden field__item\">\n<div class=\"region region-content\">\n<div id=\"block-dk-theme-content\" class=\"block block-system block-system-main-block\">\n<div class=\"node bc-white layout__item pad-2 pad-4--medium\" role=\"article\" data-history-node-id=\"5\">\n<div class=\"region region-content\">\n<div id=\"block-dk-theme-content\" class=\"block block-system block-system-main-block\">\n<div class=\"node bc-white layout__item pad-2 pad-4--medium\" role=\"article\" data-history-node-id=\"3\">\n<h1 class=\"size-6 size-10--medium pad-b-2 pad-b-4--medium\"><span class=\"field field--name-title field--type-string field--label-hidden\">Divulgation juridique<\/span><\/h1>\n<div class=\"node__content size-7 lh-4\">\n<div class=\"prose field field--name-body field--type-text-with-summary field--label-hidden field__item\">\n<p>Informations conform\u00e9ment \u00e0 la section 5 TMG:<\/p>\n<p>DK GROUP (International) Limited<br \/>36 Ko Shing Road<br \/>Room 1602, 16\/F Everprofit Commercial Building<br \/>Hong Kong<\/p>\n<h3>Repr\u00e9sent\u00e9 par<\/h3>\n<p>Dietmar Knaup<\/p>\n<h3>Contact<\/h3>\n<p>Telephone: +852 6811 6611<br \/>E-Mail: <a href=\"mailto:info@dk-group.hk\">info@dk-group.hk<\/a><br \/>Webaddress: <a href=\"http:\/\/www.dk-group.hk\">www.dk-group.hk<\/a><\/p>\n<h3>Ordonnance d&rsquo;enregistrement des entreprises (Chapitre 310)<\/h3>\n<p>Certification Nr. 37839717-000-04-17-5<\/p>\n<h3>Avertissement<\/h3>\n<p><strong>Responsabilit\u00e9 pour le contenu<\/strong><\/p>\n<p>Le contenu de nos pages a \u00e9t\u00e9 cr\u00e9\u00e9 avec le plus grand soin. Cependant, nous ne pouvons pas garantir l&rsquo;exactitude, l&rsquo;exhaustivit\u00e9 ou l&rsquo;actualit\u00e9 du contenu. Conform\u00e9ment aux dispositions l\u00e9gales, nous sommes en outre responsables de notre propre contenu sur ces pages Web. Dans ce contexte, veuillez noter que nous ne sommes par cons\u00e9quent pas tenus de surveiller uniquement les informations transmises ou enregistr\u00e9es par des tiers, ou d&rsquo;enqu\u00eater sur des circonstances faisant \u00e9tat d&rsquo;activit\u00e9s ill\u00e9gales. Notre obligation de supprimer ou de bloquer l&rsquo;utilisation des informations en vertu des lois g\u00e9n\u00e9ralement applicables reste inchang\u00e9e par les dispositions des \u00a7\u00a7 8 \u00e0 10 de la loi sur les t\u00e9l\u00e9m\u00e9dias (TMG).<\/p>\n<p><strong>Responsabilit\u00e9 pour les liens<\/strong><\/p>\n<p>La responsabilit\u00e9 du contenu des liens externes (vers des pages Web de tiers) incombe uniquement aux op\u00e9rateurs des pages li\u00e9es. Aucune violation n&rsquo;\u00e9tait \u00e9vidente \u00e0 nous au moment de la liaison. En cas de violation de la loi, nous supprimerons imm\u00e9diatement le lien correspondant.<\/p>\n<p><strong>Droit d&rsquo;Auteur<\/strong><\/p>\n<p>Nos pages Web et leur contenu sont soumis \u00e0 la loi allemande sur les droits d&rsquo;auteur. Sauf autorisation expresse de la loi (\u00a7 44a et suivants de la loi sur le droit d&rsquo;auteur), toute forme d&rsquo;utilisation, de reproduction ou de traitement des \u0153uvres soumises \u00e0 la protection du droit d&rsquo;auteur sur nos pages web n\u00e9cessite l&rsquo;accord pr\u00e9alable du titulaire des droits. Les reproductions individuelles d&rsquo;une \u0153uvre ne sont autoris\u00e9es que pour un usage priv\u00e9, de sorte qu&rsquo;elles ne doivent servir ni directement ni indirectement \u00e0 des fins lucratives. L&rsquo;utilisation non autoris\u00e9e d&rsquo;\u0153uvres prot\u00e9g\u00e9es par le droit d&rsquo;auteur est punissable (\u00a7 106 de la loi sur le droit d&rsquo;auteur).<\/p>\n<\/div>\n<\/div>\n<\/div>\n<\/div>\n<\/div>\n<\/div>\n<\/div>\n<\/div>\n<\/div>\n<\/div>\n<\/div>\n<\/div>\n<\/div>\n<p>[\/et_pb_text][\/et_pb_column][\/et_pb_row][\/et_pb_section]<\/p>\n","protected":false},"excerpt":{"rendered":"<p>MENTION L\u00c8GALE Divulgation juridique Informations conform\u00e9ment \u00e0 la section 5 TMG: DK GROUP (International) Limited36 Ko Shing RoadRoom 1602, 16\/F Everprofit Commercial BuildingHong Kong Repr\u00e9sent\u00e9 par Dietmar Knaup Contact Telephone: +852 6811 6611E-Mail: info@dk-group.hkWebaddress: www.dk-group.hk Ordonnance d&rsquo;enregistrement des entreprises (Chapitre 310) Certification Nr. 37839717-000-04-17-5 Avertissement Responsabilit\u00e9 pour le contenu Le contenu de nos pages a [&hellip;]<\/p>\n","protected":false},"author":1,"featured_media":0,"parent":0,"menu_order":100,"comment_status":"closed","ping_status":"closed","template":"","meta":{"_et_pb_use_builder":"on","_et_pb_old_content":"","_et_gb_content_width":"","footnotes":""},"class_list":["post-41801","page","type-page","status-publish","hentry"],"_links":{"self":[{"href":"https:\/\/dk-group.hk\/fr\/wp-json\/wp\/v2\/pages\/41801","targetHints":{"allow":["GET"]}}],"collection":[{"href":"https:\/\/dk-group.hk\/fr\/wp-json\/wp\/v2\/pages"}],"about":[{"href":"https:\/\/dk-group.hk\/fr\/wp-json\/wp\/v2\/types\/page"}],"author":[{"embeddable":true,"href":"https:\/\/dk-group.hk\/fr\/wp-json\/wp\/v2\/users\/1"}],"replies":[{"embeddable":true,"href":"https:\/\/dk-group.hk\/fr\/wp-json\/wp\/v2\/comments?post=41801"}],"version-history":[{"count":4,"href":"https:\/\/dk-group.hk\/fr\/wp-json\/wp\/v2\/pages\/41801\/revisions"}],"predecessor-version":[{"id":42331,"href":"https:\/\/dk-group.hk\/fr\/wp-json\/wp\/v2\/pages\/41801\/revisions\/42331"}],"wp:attachment":[{"href":"https:\/\/dk-group.hk\/fr\/wp-json\/wp\/v2\/media?parent=41801"}],"curies":[{"name":"wp","href":"https:\/\/api.w.org\/{rel}","templated":true}]}}